{"id":6237,"date":"2021-06-30T11:00:57","date_gmt":"2021-06-30T09:00:57","guid":{"rendered":"https:\/\/www.fundacionsoysol.org\/thank-you-for-registering\/"},"modified":"2021-07-09T16:20:44","modified_gmt":"2021-07-09T14:20:44","slug":"thank-you-for-registering","status":"publish","type":"page","link":"https:\/\/www.fundacionsoysol.org\/en\/thank-you-for-registering\/","title":{"rendered":"Thank you for Registering"},"content":{"rendered":"\t\t<div data-elementor-type=\"wp-page\" data-elementor-id=\"6237\" class=\"elementor elementor-6237 elementor-4190\" data-elementor-post-type=\"page\">\n\t\t\t\t\t\t<section class=\"elementor-section elementor-top-section elementor-element elementor-element-18259c2 elementor-section-height-min-height elementor-section-stretched elementor-section-boxed elementor-section-height-default elementor-section-items-middle\" data-id=\"18259c2\" data-element_type=\"section\" data-settings=\"{&quot;stretch_section&quot;:&quot;section-stretched&quot;,&quot;jet_parallax_layout_list&quot;:[{&quot;jet_parallax_layout_image&quot;:{&quot;url&quot;:&quot;&quot;,&quot;id&quot;:&quot;&quot;,&quot;size&quot;:&quot;&quot;},&quot;_id&quot;:&quot;76268dc&quot;,&quot;jet_parallax_layout_image_tablet&quot;:{&quot;url&quot;:&quot;&quot;,&quot;id&quot;:&quot;&quot;,&quot;size&quot;:&quot;&quot;},&quot;jet_parallax_layout_image_mobile&quot;:{&quot;url&quot;:&quot;&quot;,&quot;id&quot;:&quot;&quot;,&quot;size&quot;:&quot;&quot;},&quot;jet_parallax_layout_speed&quot;:{&quot;unit&quot;:&quot;%&quot;,&quot;size&quot;:50,&quot;sizes&quot;:[]},&quot;jet_parallax_layout_type&quot;:&quot;scroll&quot;,&quot;jet_parallax_layout_direction&quot;:&quot;1&quot;,&quot;jet_parallax_layout_fx_direction&quot;:null,&quot;jet_parallax_layout_z_index&quot;:&quot;&quot;,&quot;jet_parallax_layout_bg_x&quot;:50,&quot;jet_parallax_layout_bg_x_tablet&quot;:&quot;&quot;,&quot;jet_parallax_layout_bg_x_mobile&quot;:&quot;&quot;,&quot;jet_parallax_layout_bg_y&quot;:50,&quot;jet_parallax_layout_bg_y_tablet&quot;:&quot;&quot;,&quot;jet_parallax_layout_bg_y_mobile&quot;:&quot;&quot;,&quot;jet_parallax_layout_bg_size&quot;:&quot;auto&quot;,&quot;jet_parallax_layout_bg_size_tablet&quot;:&quot;&quot;,&quot;jet_parallax_layout_bg_size_mobile&quot;:&quot;&quot;,&quot;jet_parallax_layout_animation_prop&quot;:&quot;transform&quot;,&quot;jet_parallax_layout_on&quot;:[&quot;desktop&quot;,&quot;tablet&quot;]}],&quot;background_background&quot;:&quot;classic&quot;}\">\n\t\t\t\t\t\t<div class=\"elementor-container elementor-column-gap-default\">\n\t\t\t\t\t<div class=\"elementor-column elementor-col-100 elementor-top-column elementor-element elementor-element-26f3d02\" data-id=\"26f3d02\" data-element_type=\"column\">\n\t\t\t<div class=\"elementor-widget-wrap elementor-element-populated\">\n\t\t\t\t\t\t<div class=\"elementor-element elementor-element-d3b54fd elementor-widget elementor-widget-heading\" data-id=\"d3b54fd\" data-element_type=\"widget\" data-widget_type=\"heading.default\">\n\t\t\t\t<div class=\"elementor-widget-container\">\n\t\t\t\t\t<h1 class=\"elementor-heading-title elementor-size-default\">Thank you for Registering<\/h1>\t\t\t\t<\/div>\n\t\t\t\t<\/div>\n\t\t\t\t\t<\/div>\n\t\t<\/div>\n\t\t\t\t\t<\/div>\n\t\t<\/section>\n\t\t\t\t<section class=\"elementor-section elementor-top-section elementor-element elementor-element-8ad3780 elementor-section-stretched elementor-section-boxed elementor-section-height-default elementor-section-height-default\" data-id=\"8ad3780\" data-element_type=\"section\" data-settings=\"{&quot;jet_parallax_layout_list&quot;:[{&quot;jet_parallax_layout_image&quot;:{&quot;url&quot;:&quot;&quot;,&quot;id&quot;:&quot;&quot;,&quot;size&quot;:&quot;&quot;},&quot;_id&quot;:&quot;175d323&quot;,&quot;jet_parallax_layout_image_tablet&quot;:{&quot;url&quot;:&quot;&quot;,&quot;id&quot;:&quot;&quot;,&quot;size&quot;:&quot;&quot;},&quot;jet_parallax_layout_image_mobile&quot;:{&quot;url&quot;:&quot;&quot;,&quot;id&quot;:&quot;&quot;,&quot;size&quot;:&quot;&quot;},&quot;jet_parallax_layout_speed&quot;:{&quot;unit&quot;:&quot;%&quot;,&quot;size&quot;:50,&quot;sizes&quot;:[]},&quot;jet_parallax_layout_type&quot;:&quot;scroll&quot;,&quot;jet_parallax_layout_direction&quot;:&quot;1&quot;,&quot;jet_parallax_layout_fx_direction&quot;:null,&quot;jet_parallax_layout_z_index&quot;:&quot;&quot;,&quot;jet_parallax_layout_bg_x&quot;:50,&quot;jet_parallax_layout_bg_x_tablet&quot;:&quot;&quot;,&quot;jet_parallax_layout_bg_x_mobile&quot;:&quot;&quot;,&quot;jet_parallax_layout_bg_y&quot;:50,&quot;jet_parallax_layout_bg_y_tablet&quot;:&quot;&quot;,&quot;jet_parallax_layout_bg_y_mobile&quot;:&quot;&quot;,&quot;jet_parallax_layout_bg_size&quot;:&quot;auto&quot;,&quot;jet_parallax_layout_bg_size_tablet&quot;:&quot;&quot;,&quot;jet_parallax_layout_bg_size_mobile&quot;:&quot;&quot;,&quot;jet_parallax_layout_animation_prop&quot;:&quot;transform&quot;,&quot;jet_parallax_layout_on&quot;:[&quot;desktop&quot;,&quot;tablet&quot;]}],&quot;background_background&quot;:&quot;classic&quot;,&quot;stretch_section&quot;:&quot;section-stretched&quot;}\">\n\t\t\t\t\t\t<div class=\"elementor-container elementor-column-gap-default\">\n\t\t\t\t\t<div class=\"elementor-column elementor-col-100 elementor-top-column elementor-element elementor-element-258be6a\" data-id=\"258be6a\" data-element_type=\"column\">\n\t\t\t<div class=\"elementor-widget-wrap elementor-element-populated\">\n\t\t\t\t\t\t<section class=\"elementor-section elementor-inner-section elementor-element elementor-element-14896a3 elementor-section-boxed elementor-section-height-default elementor-section-height-default elementor-invisible\" data-id=\"14896a3\" data-element_type=\"section\" data-settings=\"{&quot;jet_parallax_layout_list&quot;:[{&quot;jet_parallax_layout_image&quot;:{&quot;url&quot;:&quot;&quot;,&quot;id&quot;:&quot;&quot;,&quot;size&quot;:&quot;&quot;},&quot;_id&quot;:&quot;5c57e43&quot;,&quot;jet_parallax_layout_image_tablet&quot;:{&quot;url&quot;:&quot;&quot;,&quot;id&quot;:&quot;&quot;,&quot;size&quot;:&quot;&quot;},&quot;jet_parallax_layout_image_mobile&quot;:{&quot;url&quot;:&quot;&quot;,&quot;id&quot;:&quot;&quot;,&quot;size&quot;:&quot;&quot;},&quot;jet_parallax_layout_speed&quot;:{&quot;unit&quot;:&quot;%&quot;,&quot;size&quot;:50,&quot;sizes&quot;:[]},&quot;jet_parallax_layout_type&quot;:&quot;scroll&quot;,&quot;jet_parallax_layout_direction&quot;:&quot;1&quot;,&quot;jet_parallax_layout_fx_direction&quot;:null,&quot;jet_parallax_layout_z_index&quot;:&quot;&quot;,&quot;jet_parallax_layout_bg_x&quot;:50,&quot;jet_parallax_layout_bg_x_tablet&quot;:&quot;&quot;,&quot;jet_parallax_layout_bg_x_mobile&quot;:&quot;&quot;,&quot;jet_parallax_layout_bg_y&quot;:50,&quot;jet_parallax_layout_bg_y_tablet&quot;:&quot;&quot;,&quot;jet_parallax_layout_bg_y_mobile&quot;:&quot;&quot;,&quot;jet_parallax_layout_bg_size&quot;:&quot;auto&quot;,&quot;jet_parallax_layout_bg_size_tablet&quot;:&quot;&quot;,&quot;jet_parallax_layout_bg_size_mobile&quot;:&quot;&quot;,&quot;jet_parallax_layout_animation_prop&quot;:&quot;transform&quot;,&quot;jet_parallax_layout_on&quot;:[&quot;desktop&quot;,&quot;tablet&quot;]}],&quot;animation&quot;:&quot;fadeIn&quot;}\">\n\t\t\t\t\t\t<div class=\"elementor-container elementor-column-gap-default\">\n\t\t\t\t\t<div class=\"elementor-column elementor-col-100 elementor-inner-column elementor-element elementor-element-2c4e282\" data-id=\"2c4e282\" data-element_type=\"column\" data-settings=\"{&quot;background_background&quot;:&quot;classic&quot;}\">\n\t\t\t<div class=\"elementor-widget-wrap elementor-element-populated\">\n\t\t\t\t\t\t<div class=\"elementor-element elementor-element-e04d13b elementor-widget elementor-widget-text-editor\" data-id=\"e04d13b\" data-element_type=\"widget\" data-widget_type=\"text-editor.default\">\n\t\t\t\t<div class=\"elementor-widget-container\">\n\t\t\t\t\t\t\t\t\t<p>Thank you for registering for this activity. We will contact you shortly.<\/p>\t\t\t\t\t\t\t\t<\/div>\n\t\t\t\t<\/div>\n\t\t\t\t<div class=\"elementor-element elementor-element-1474048 elementor-widget elementor-widget-text-editor\" data-id=\"1474048\" data-element_type=\"widget\" data-widget_type=\"text-editor.default\">\n\t\t\t\t<div class=\"elementor-widget-container\">\n\t\t\t\t\t\t\t\t\t<p>WE KNOW THAT WE ALL WANT<br \/>A QUICK REPLY.<\/p><p>and we will try to answer you within 24 hours. Please bear with us for any longer delay due to bank holidays, weekends or others deriving from our activity. If you would like to know something specific we invite you to read our <a href=\"https:\/\/www.fundacionsoysol.org\/en\/blog\/\">blog<\/a> to find out more about us and our view of things in the world. It will help you to get to know us better and see whether we are what you are looking for.<\/p><p>THANK YOU. THANK YOU. THANK YOU.<\/p>\t\t\t\t\t\t\t\t<\/div>\n\t\t\t\t<\/div>\n\t\t\t\t\t<\/div>\n\t\t<\/div>\n\t\t\t\t\t<\/div>\n\t\t<\/section>\n\t\t\t\t\t<\/div>\n\t\t<\/div>\n\t\t\t\t\t<\/div>\n\t\t<\/section>\n\t\t\t\t<\/div>\n\t\t","protected":false},"excerpt":{"rendered":"<p>Thank you for registering for this activity. We will contact you shortly. WE KNOW THAT WE ALL WANTA QUICK REPLY. and we will try to answer you within 24 hours. Please bear with us for any longer delay due to bank holidays, weekends or others deriving from our activity. If you would like to know &#8230; <a title=\"Thank you for Registering\" class=\"read-more\" href=\"https:\/\/www.fundacionsoysol.org\/en\/thank-you-for-registering\/\" aria-label=\"Read more about Thank you for Registering\">Read more<\/a><\/p>\n","protected":false},"author":1,"featured_media":0,"parent":0,"menu_order":0,"comment_status":"closed","ping_status":"closed","template":"","meta":{"_acf_changed":false,"footnotes":""},"class_list":["post-6237","page","type-page","status-publish"],"acf":[],"yoast_head":"<!-- This site is optimized with the Yoast SEO plugin v26.9 - https:\/\/yoast.com\/product\/yoast-seo-wordpress\/ -->\n<title>Thank you for Registering - Fundaci\u00f3n Soysol<\/title>\n<meta name=\"robots\" content=\"index, follow, max-snippet:-1, max-image-preview:large, max-video-preview:-1\" \/>\n<link rel=\"canonical\" href=\"https:\/\/www.fundacionsoysol.org\/en\/thank-you-for-registering\/\" \/>\n<meta property=\"og:locale\" content=\"en_US\" \/>\n<meta property=\"og:type\" content=\"article\" \/>\n<meta property=\"og:title\" content=\"Thank you for Registering - Fundaci\u00f3n Soysol\" \/>\n<meta property=\"og:description\" content=\"Thank you for registering for this activity. We will contact you shortly. WE KNOW THAT WE ALL WANTA QUICK REPLY. and we will try to answer you within 24 hours. Please bear with us for any longer delay due to bank holidays, weekends or others deriving from our activity. If you would like to know ... Read more\" \/>\n<meta property=\"og:url\" content=\"https:\/\/www.fundacionsoysol.org\/en\/thank-you-for-registering\/\" \/>\n<meta property=\"og:site_name\" content=\"Fundaci\u00f3n Soysol\" \/>\n<meta property=\"article:modified_time\" content=\"2021-07-09T14:20:44+00:00\" \/>\n<meta name=\"twitter:card\" content=\"summary_large_image\" \/>\n<meta name=\"twitter:label1\" content=\"Est. reading time\" \/>\n\t<meta name=\"twitter:data1\" content=\"1 minute\" \/>\n<script type=\"application\/ld+json\" class=\"yoast-schema-graph\">{\"@context\":\"https:\/\/schema.org\",\"@graph\":[{\"@type\":\"WebPage\",\"@id\":\"https:\/\/www.fundacionsoysol.org\/en\/thank-you-for-registering\/\",\"url\":\"https:\/\/www.fundacionsoysol.org\/en\/thank-you-for-registering\/\",\"name\":\"Thank you for Registering - Fundaci\u00f3n Soysol\",\"isPartOf\":{\"@id\":\"https:\/\/www.fundacionsoysol.org\/#website\"},\"datePublished\":\"2021-06-30T09:00:57+00:00\",\"dateModified\":\"2021-07-09T14:20:44+00:00\",\"breadcrumb\":{\"@id\":\"https:\/\/www.fundacionsoysol.org\/en\/thank-you-for-registering\/#breadcrumb\"},\"inLanguage\":\"en-US\",\"potentialAction\":[{\"@type\":\"ReadAction\",\"target\":[\"https:\/\/www.fundacionsoysol.org\/en\/thank-you-for-registering\/\"]}]},{\"@type\":\"BreadcrumbList\",\"@id\":\"https:\/\/www.fundacionsoysol.org\/en\/thank-you-for-registering\/#breadcrumb\",\"itemListElement\":[{\"@type\":\"ListItem\",\"position\":1,\"name\":\"Portada\",\"item\":\"https:\/\/www.fundacionsoysol.org\/en\/we-care-for-you-and-for-the-environment\/\"},{\"@type\":\"ListItem\",\"position\":2,\"name\":\"Thank you for Registering\"}]},{\"@type\":\"WebSite\",\"@id\":\"https:\/\/www.fundacionsoysol.org\/#website\",\"url\":\"https:\/\/www.fundacionsoysol.org\/\",\"name\":\"Fundaci\u00f3n Soysol\",\"description\":\"Cuidamos de t\u00ed y del medio ambiente, entendiendo la salud de un modo hol\u00edstico, que integra todas las dimensiones del ser humano y su interrelaci\u00f3n rec\u00edprocamente influyente con la tierra.\",\"publisher\":{\"@id\":\"https:\/\/www.fundacionsoysol.org\/#organization\"},\"potentialAction\":[{\"@type\":\"SearchAction\",\"target\":{\"@type\":\"EntryPoint\",\"urlTemplate\":\"https:\/\/www.fundacionsoysol.org\/?s={search_term_string}\"},\"query-input\":{\"@type\":\"PropertyValueSpecification\",\"valueRequired\":true,\"valueName\":\"search_term_string\"}}],\"inLanguage\":\"en-US\"},{\"@type\":\"Organization\",\"@id\":\"https:\/\/www.fundacionsoysol.org\/#organization\",\"name\":\"Fundaci\u00f3n Soysol\",\"url\":\"https:\/\/www.fundacionsoysol.org\/\",\"logo\":{\"@type\":\"ImageObject\",\"inLanguage\":\"en-US\",\"@id\":\"https:\/\/www.fundacionsoysol.org\/#\/schema\/logo\/image\/\",\"url\":\"https:\/\/www.fundacionsoysol.org\/wp-content\/uploads\/2021\/02\/logo-soysol.svg\",\"contentUrl\":\"https:\/\/www.fundacionsoysol.org\/wp-content\/uploads\/2021\/02\/logo-soysol.svg\",\"width\":70,\"height\":100,\"caption\":\"Fundaci\u00f3n Soysol\"},\"image\":{\"@id\":\"https:\/\/www.fundacionsoysol.org\/#\/schema\/logo\/image\/\"}}]}<\/script>\n<!-- \/ Yoast SEO plugin. -->","yoast_head_json":{"title":"Thank you for Registering - Fundaci\u00f3n Soysol","robots":{"index":"index","follow":"follow","max-snippet":"max-snippet:-1","max-image-preview":"max-image-preview:large","max-video-preview":"max-video-preview:-1"},"canonical":"https:\/\/www.fundacionsoysol.org\/en\/thank-you-for-registering\/","og_locale":"en_US","og_type":"article","og_title":"Thank you for Registering - Fundaci\u00f3n Soysol","og_description":"Thank you for registering for this activity. We will contact you shortly. WE KNOW THAT WE ALL WANTA QUICK REPLY. and we will try to answer you within 24 hours. Please bear with us for any longer delay due to bank holidays, weekends or others deriving from our activity. If you would like to know ... Read more","og_url":"https:\/\/www.fundacionsoysol.org\/en\/thank-you-for-registering\/","og_site_name":"Fundaci\u00f3n Soysol","article_modified_time":"2021-07-09T14:20:44+00:00","twitter_card":"summary_large_image","twitter_misc":{"Est. reading time":"1 minute"},"schema":{"@context":"https:\/\/schema.org","@graph":[{"@type":"WebPage","@id":"https:\/\/www.fundacionsoysol.org\/en\/thank-you-for-registering\/","url":"https:\/\/www.fundacionsoysol.org\/en\/thank-you-for-registering\/","name":"Thank you for Registering - Fundaci\u00f3n Soysol","isPartOf":{"@id":"https:\/\/www.fundacionsoysol.org\/#website"},"datePublished":"2021-06-30T09:00:57+00:00","dateModified":"2021-07-09T14:20:44+00:00","breadcrumb":{"@id":"https:\/\/www.fundacionsoysol.org\/en\/thank-you-for-registering\/#breadcrumb"},"inLanguage":"en-US","potentialAction":[{"@type":"ReadAction","target":["https:\/\/www.fundacionsoysol.org\/en\/thank-you-for-registering\/"]}]},{"@type":"BreadcrumbList","@id":"https:\/\/www.fundacionsoysol.org\/en\/thank-you-for-registering\/#breadcrumb","itemListElement":[{"@type":"ListItem","position":1,"name":"Portada","item":"https:\/\/www.fundacionsoysol.org\/en\/we-care-for-you-and-for-the-environment\/"},{"@type":"ListItem","position":2,"name":"Thank you for Registering"}]},{"@type":"WebSite","@id":"https:\/\/www.fundacionsoysol.org\/#website","url":"https:\/\/www.fundacionsoysol.org\/","name":"Fundaci\u00f3n Soysol","description":"Cuidamos de t\u00ed y del medio ambiente, entendiendo la salud de un modo hol\u00edstico, que integra todas las dimensiones del ser humano y su interrelaci\u00f3n rec\u00edprocamente influyente con la tierra.","publisher":{"@id":"https:\/\/www.fundacionsoysol.org\/#organization"},"potentialAction":[{"@type":"SearchAction","target":{"@type":"EntryPoint","urlTemplate":"https:\/\/www.fundacionsoysol.org\/?s={search_term_string}"},"query-input":{"@type":"PropertyValueSpecification","valueRequired":true,"valueName":"search_term_string"}}],"inLanguage":"en-US"},{"@type":"Organization","@id":"https:\/\/www.fundacionsoysol.org\/#organization","name":"Fundaci\u00f3n Soysol","url":"https:\/\/www.fundacionsoysol.org\/","logo":{"@type":"ImageObject","inLanguage":"en-US","@id":"https:\/\/www.fundacionsoysol.org\/#\/schema\/logo\/image\/","url":"https:\/\/www.fundacionsoysol.org\/wp-content\/uploads\/2021\/02\/logo-soysol.svg","contentUrl":"https:\/\/www.fundacionsoysol.org\/wp-content\/uploads\/2021\/02\/logo-soysol.svg","width":70,"height":100,"caption":"Fundaci\u00f3n Soysol"},"image":{"@id":"https:\/\/www.fundacionsoysol.org\/#\/schema\/logo\/image\/"}}]}},"_links":{"self":[{"href":"https:\/\/www.fundacionsoysol.org\/en\/wp-json\/wp\/v2\/pages\/6237","targetHints":{"allow":["GET"]}}],"collection":[{"href":"https:\/\/www.fundacionsoysol.org\/en\/wp-json\/wp\/v2\/pages"}],"about":[{"href":"https:\/\/www.fundacionsoysol.org\/en\/wp-json\/wp\/v2\/types\/page"}],"author":[{"embeddable":true,"href":"https:\/\/www.fundacionsoysol.org\/en\/wp-json\/wp\/v2\/users\/1"}],"replies":[{"embeddable":true,"href":"https:\/\/www.fundacionsoysol.org\/en\/wp-json\/wp\/v2\/comments?post=6237"}],"version-history":[{"count":0,"href":"https:\/\/www.fundacionsoysol.org\/en\/wp-json\/wp\/v2\/pages\/6237\/revisions"}],"wp:attachment":[{"href":"https:\/\/www.fundacionsoysol.org\/en\/wp-json\/wp\/v2\/media?parent=6237"}],"curies":[{"name":"wp","href":"https:\/\/api.w.org\/{rel}","templated":true}]}}