{"id":6234,"date":"2021-06-30T10:58:32","date_gmt":"2021-06-30T08:58:32","guid":{"rendered":"https:\/\/www.fundacionsoysol.org\/thank-you-for-sending-us-your-cv\/"},"modified":"2021-06-30T10:58:33","modified_gmt":"2021-06-30T08:58:33","slug":"thank-you-for-sending-us-your-cv","status":"publish","type":"page","link":"https:\/\/www.fundacionsoysol.org\/en\/thank-you-for-sending-us-your-cv\/","title":{"rendered":"Thank you for sending us your CV"},"content":{"rendered":"\t\t<div data-elementor-type=\"wp-page\" data-elementor-id=\"6234\" class=\"elementor elementor-6234 elementor-5188\" data-elementor-post-type=\"page\">\n\t\t\t\t\t\t<section class=\"elementor-section elementor-top-section elementor-element elementor-element-3e2e76a elementor-section-height-min-height elementor-section-stretched elementor-section-boxed elementor-section-height-default elementor-section-items-middle\" data-id=\"3e2e76a\" data-element_type=\"section\" data-settings=\"{&quot;stretch_section&quot;:&quot;section-stretched&quot;,&quot;jet_parallax_layout_list&quot;:[{&quot;jet_parallax_layout_image&quot;:{&quot;url&quot;:&quot;&quot;,&quot;id&quot;:&quot;&quot;,&quot;size&quot;:&quot;&quot;},&quot;_id&quot;:&quot;76268dc&quot;,&quot;jet_parallax_layout_image_tablet&quot;:{&quot;url&quot;:&quot;&quot;,&quot;id&quot;:&quot;&quot;,&quot;size&quot;:&quot;&quot;},&quot;jet_parallax_layout_image_mobile&quot;:{&quot;url&quot;:&quot;&quot;,&quot;id&quot;:&quot;&quot;,&quot;size&quot;:&quot;&quot;},&quot;jet_parallax_layout_speed&quot;:{&quot;unit&quot;:&quot;%&quot;,&quot;size&quot;:50,&quot;sizes&quot;:[]},&quot;jet_parallax_layout_type&quot;:&quot;scroll&quot;,&quot;jet_parallax_layout_direction&quot;:&quot;1&quot;,&quot;jet_parallax_layout_fx_direction&quot;:null,&quot;jet_parallax_layout_z_index&quot;:&quot;&quot;,&quot;jet_parallax_layout_bg_x&quot;:50,&quot;jet_parallax_layout_bg_x_tablet&quot;:&quot;&quot;,&quot;jet_parallax_layout_bg_x_mobile&quot;:&quot;&quot;,&quot;jet_parallax_layout_bg_y&quot;:50,&quot;jet_parallax_layout_bg_y_tablet&quot;:&quot;&quot;,&quot;jet_parallax_layout_bg_y_mobile&quot;:&quot;&quot;,&quot;jet_parallax_layout_bg_size&quot;:&quot;auto&quot;,&quot;jet_parallax_layout_bg_size_tablet&quot;:&quot;&quot;,&quot;jet_parallax_layout_bg_size_mobile&quot;:&quot;&quot;,&quot;jet_parallax_layout_animation_prop&quot;:&quot;transform&quot;,&quot;jet_parallax_layout_on&quot;:[&quot;desktop&quot;,&quot;tablet&quot;]}],&quot;background_background&quot;:&quot;classic&quot;}\">\n\t\t\t\t\t\t<div class=\"elementor-container elementor-column-gap-default\">\n\t\t\t\t\t<div class=\"elementor-column elementor-col-100 elementor-top-column elementor-element elementor-element-f52f99c\" data-id=\"f52f99c\" data-element_type=\"column\">\n\t\t\t<div class=\"elementor-widget-wrap elementor-element-populated\">\n\t\t\t\t\t\t<div class=\"elementor-element elementor-element-f7839e7 elementor-widget elementor-widget-heading\" data-id=\"f7839e7\" data-element_type=\"widget\" data-widget_type=\"heading.default\">\n\t\t\t\t<div class=\"elementor-widget-container\">\n\t\t\t\t\t<h1 class=\"elementor-heading-title elementor-size-default\">Thank you for sending us your CV<\/h1>\t\t\t\t<\/div>\n\t\t\t\t<\/div>\n\t\t\t\t\t<\/div>\n\t\t<\/div>\n\t\t\t\t\t<\/div>\n\t\t<\/section>\n\t\t\t\t<section class=\"elementor-section elementor-top-section elementor-element elementor-element-bb135c9 elementor-section-stretched elementor-section-boxed elementor-section-height-default elementor-section-height-default\" data-id=\"bb135c9\" data-element_type=\"section\" data-settings=\"{&quot;jet_parallax_layout_list&quot;:[{&quot;jet_parallax_layout_image&quot;:{&quot;url&quot;:&quot;&quot;,&quot;id&quot;:&quot;&quot;,&quot;size&quot;:&quot;&quot;},&quot;_id&quot;:&quot;175d323&quot;,&quot;jet_parallax_layout_image_tablet&quot;:{&quot;url&quot;:&quot;&quot;,&quot;id&quot;:&quot;&quot;,&quot;size&quot;:&quot;&quot;},&quot;jet_parallax_layout_image_mobile&quot;:{&quot;url&quot;:&quot;&quot;,&quot;id&quot;:&quot;&quot;,&quot;size&quot;:&quot;&quot;},&quot;jet_parallax_layout_speed&quot;:{&quot;unit&quot;:&quot;%&quot;,&quot;size&quot;:50,&quot;sizes&quot;:[]},&quot;jet_parallax_layout_type&quot;:&quot;scroll&quot;,&quot;jet_parallax_layout_direction&quot;:&quot;1&quot;,&quot;jet_parallax_layout_fx_direction&quot;:null,&quot;jet_parallax_layout_z_index&quot;:&quot;&quot;,&quot;jet_parallax_layout_bg_x&quot;:50,&quot;jet_parallax_layout_bg_x_tablet&quot;:&quot;&quot;,&quot;jet_parallax_layout_bg_x_mobile&quot;:&quot;&quot;,&quot;jet_parallax_layout_bg_y&quot;:50,&quot;jet_parallax_layout_bg_y_tablet&quot;:&quot;&quot;,&quot;jet_parallax_layout_bg_y_mobile&quot;:&quot;&quot;,&quot;jet_parallax_layout_bg_size&quot;:&quot;auto&quot;,&quot;jet_parallax_layout_bg_size_tablet&quot;:&quot;&quot;,&quot;jet_parallax_layout_bg_size_mobile&quot;:&quot;&quot;,&quot;jet_parallax_layout_animation_prop&quot;:&quot;transform&quot;,&quot;jet_parallax_layout_on&quot;:[&quot;desktop&quot;,&quot;tablet&quot;]}],&quot;background_background&quot;:&quot;classic&quot;,&quot;stretch_section&quot;:&quot;section-stretched&quot;}\">\n\t\t\t\t\t\t<div class=\"elementor-container elementor-column-gap-default\">\n\t\t\t\t\t<div class=\"elementor-column elementor-col-100 elementor-top-column elementor-element elementor-element-f9c3fa8\" data-id=\"f9c3fa8\" data-element_type=\"column\">\n\t\t\t<div class=\"elementor-widget-wrap elementor-element-populated\">\n\t\t\t\t\t\t<section class=\"elementor-section elementor-inner-section elementor-element elementor-element-5279e82 elementor-section-boxed elementor-section-height-default elementor-section-height-default elementor-invisible\" data-id=\"5279e82\" data-element_type=\"section\" data-settings=\"{&quot;jet_parallax_layout_list&quot;:[{&quot;jet_parallax_layout_image&quot;:{&quot;url&quot;:&quot;&quot;,&quot;id&quot;:&quot;&quot;,&quot;size&quot;:&quot;&quot;},&quot;_id&quot;:&quot;5c57e43&quot;,&quot;jet_parallax_layout_image_tablet&quot;:{&quot;url&quot;:&quot;&quot;,&quot;id&quot;:&quot;&quot;,&quot;size&quot;:&quot;&quot;},&quot;jet_parallax_layout_image_mobile&quot;:{&quot;url&quot;:&quot;&quot;,&quot;id&quot;:&quot;&quot;,&quot;size&quot;:&quot;&quot;},&quot;jet_parallax_layout_speed&quot;:{&quot;unit&quot;:&quot;%&quot;,&quot;size&quot;:50,&quot;sizes&quot;:[]},&quot;jet_parallax_layout_type&quot;:&quot;scroll&quot;,&quot;jet_parallax_layout_direction&quot;:&quot;1&quot;,&quot;jet_parallax_layout_fx_direction&quot;:null,&quot;jet_parallax_layout_z_index&quot;:&quot;&quot;,&quot;jet_parallax_layout_bg_x&quot;:50,&quot;jet_parallax_layout_bg_x_tablet&quot;:&quot;&quot;,&quot;jet_parallax_layout_bg_x_mobile&quot;:&quot;&quot;,&quot;jet_parallax_layout_bg_y&quot;:50,&quot;jet_parallax_layout_bg_y_tablet&quot;:&quot;&quot;,&quot;jet_parallax_layout_bg_y_mobile&quot;:&quot;&quot;,&quot;jet_parallax_layout_bg_size&quot;:&quot;auto&quot;,&quot;jet_parallax_layout_bg_size_tablet&quot;:&quot;&quot;,&quot;jet_parallax_layout_bg_size_mobile&quot;:&quot;&quot;,&quot;jet_parallax_layout_animation_prop&quot;:&quot;transform&quot;,&quot;jet_parallax_layout_on&quot;:[&quot;desktop&quot;,&quot;tablet&quot;]}],&quot;animation&quot;:&quot;fadeIn&quot;}\">\n\t\t\t\t\t\t<div class=\"elementor-container elementor-column-gap-default\">\n\t\t\t\t\t<div class=\"elementor-column elementor-col-100 elementor-inner-column elementor-element elementor-element-5c6a8fe\" data-id=\"5c6a8fe\" data-element_type=\"column\" data-settings=\"{&quot;background_background&quot;:&quot;classic&quot;}\">\n\t\t\t<div class=\"elementor-widget-wrap elementor-element-populated\">\n\t\t\t\t\t\t<div class=\"elementor-element elementor-element-61aae2d elementor-widget elementor-widget-text-editor\" data-id=\"61aae2d\" data-element_type=\"widget\" data-widget_type=\"text-editor.default\">\n\t\t\t\t<div class=\"elementor-widget-container\">\n\t\t\t\t\t\t\t\t\t<p>THANK YOU FOR SENDING US YOUR CV. We do not have any vacancies at present, but we will keep your CV in our database, and should the possibility arise of a position that suits your profile we will call you.<\/p>\n\t\t\t\t\t\t\t\t<\/div>\n\t\t\t\t<\/div>\n\t\t\t\t<div class=\"elementor-element elementor-element-a474973 elementor-widget elementor-widget-text-editor\" data-id=\"a474973\" data-element_type=\"widget\" data-widget_type=\"text-editor.default\">\n\t\t\t\t<div class=\"elementor-widget-container\">\n\t\t\t\t\t\t\t\t\t<p>In any case, many people begin their cooperation as volunteers. If you would like to work altruistically to make things better in the world, send us your CV via the <a href=\"https:\/\/www.fundacionsoysol.org\/en\/how-to-colaborate\/\">cooperation page<\/a> in the volunteering <a href=\"https:\/\/www.fundacionsoysol.org\/en\/how-to-colaborate\/#hazte_voluntario\">section<\/a>. <\/p>\n<p class=\"p1\">THANK YOU<\/p>\n\t\t\t\t\t\t\t\t<\/div>\n\t\t\t\t<\/div>\n\t\t\t\t\t<\/div>\n\t\t<\/div>\n\t\t\t\t\t<\/div>\n\t\t<\/section>\n\t\t\t\t<section class=\"elementor-section elementor-inner-section elementor-element elementor-element-180069b elementor-section-boxed elementor-section-height-default elementor-section-height-default\" data-id=\"180069b\" data-element_type=\"section\" data-settings=\"{&quot;jet_parallax_layout_list&quot;:[{&quot;jet_parallax_layout_image&quot;:{&quot;url&quot;:&quot;&quot;,&quot;id&quot;:&quot;&quot;,&quot;size&quot;:&quot;&quot;},&quot;_id&quot;:&quot;32cd002&quot;,&quot;jet_parallax_layout_image_tablet&quot;:{&quot;url&quot;:&quot;&quot;,&quot;id&quot;:&quot;&quot;,&quot;size&quot;:&quot;&quot;},&quot;jet_parallax_layout_image_mobile&quot;:{&quot;url&quot;:&quot;&quot;,&quot;id&quot;:&quot;&quot;,&quot;size&quot;:&quot;&quot;},&quot;jet_parallax_layout_speed&quot;:{&quot;unit&quot;:&quot;%&quot;,&quot;size&quot;:50,&quot;sizes&quot;:[]},&quot;jet_parallax_layout_type&quot;:&quot;scroll&quot;,&quot;jet_parallax_layout_direction&quot;:&quot;1&quot;,&quot;jet_parallax_layout_fx_direction&quot;:null,&quot;jet_parallax_layout_z_index&quot;:&quot;&quot;,&quot;jet_parallax_layout_bg_x&quot;:50,&quot;jet_parallax_layout_bg_x_tablet&quot;:&quot;&quot;,&quot;jet_parallax_layout_bg_x_mobile&quot;:&quot;&quot;,&quot;jet_parallax_layout_bg_y&quot;:50,&quot;jet_parallax_layout_bg_y_tablet&quot;:&quot;&quot;,&quot;jet_parallax_layout_bg_y_mobile&quot;:&quot;&quot;,&quot;jet_parallax_layout_bg_size&quot;:&quot;auto&quot;,&quot;jet_parallax_layout_bg_size_tablet&quot;:&quot;&quot;,&quot;jet_parallax_layout_bg_size_mobile&quot;:&quot;&quot;,&quot;jet_parallax_layout_animation_prop&quot;:&quot;transform&quot;,&quot;jet_parallax_layout_on&quot;:[&quot;desktop&quot;,&quot;tablet&quot;]}]}\">\n\t\t\t\t\t\t<div class=\"elementor-container elementor-column-gap-default\">\n\t\t\t\t\t<div class=\"elementor-column elementor-col-100 elementor-inner-column elementor-element elementor-element-d80f1ac\" data-id=\"d80f1ac\" data-element_type=\"column\">\n\t\t\t<div class=\"elementor-widget-wrap elementor-element-populated\">\n\t\t\t\t\t\t<div class=\"elementor-element elementor-element-e33c244 elementor-align-center elementor-widget elementor-widget-button\" data-id=\"e33c244\" data-element_type=\"widget\" data-widget_type=\"button.default\">\n\t\t\t\t<div class=\"elementor-widget-container\">\n\t\t\t\t\t\t\t\t\t<div class=\"elementor-button-wrapper\">\n\t\t\t\t\t<a class=\"elementor-button elementor-button-link elementor-size-sm\" href=\"https:\/\/www.fundacionsoysol.org\/en\/contact\/\">\n\t\t\t\t\t\t<span class=\"elementor-button-content-wrapper\">\n\t\t\t\t\t\t\t\t\t<span class=\"elementor-button-text\">Go Back<\/span>\n\t\t\t\t\t<\/span>\n\t\t\t\t\t<\/a>\n\t\t\t\t<\/div>\n\t\t\t\t\t\t\t\t<\/div>\n\t\t\t\t<\/div>\n\t\t\t\t\t<\/div>\n\t\t<\/div>\n\t\t\t\t\t<\/div>\n\t\t<\/section>\n\t\t\t\t\t<\/div>\n\t\t<\/div>\n\t\t\t\t\t<\/div>\n\t\t<\/section>\n\t\t\t\t<\/div>\n\t\t","protected":false},"excerpt":{"rendered":"<p>THANK YOU FOR SENDING US YOUR CV. We do not have any vacancies at present, but we will keep your CV in our database, and should the possibility arise of a position that suits your profile we will call you. In any case, many people begin their cooperation as volunteers. If you would like to &#8230; <a title=\"Thank you for sending us your CV\" class=\"read-more\" href=\"https:\/\/www.fundacionsoysol.org\/en\/thank-you-for-sending-us-your-cv\/\" aria-label=\"Read more about Thank you for sending us your CV\">Read more<\/a><\/p>\n","protected":false},"author":1,"featured_media":0,"parent":0,"menu_order":0,"comment_status":"closed","ping_status":"closed","template":"","meta":{"_acf_changed":false,"footnotes":""},"class_list":["post-6234","page","type-page","status-publish"],"acf":[],"yoast_head":"<!-- This site is optimized with the Yoast SEO plugin v26.9 - https:\/\/yoast.com\/product\/yoast-seo-wordpress\/ -->\n<title>Thank you for sending us your CV - Fundaci\u00f3n Soysol<\/title>\n<meta name=\"robots\" content=\"index, follow, max-snippet:-1, max-image-preview:large, max-video-preview:-1\" \/>\n<link rel=\"canonical\" href=\"https:\/\/www.fundacionsoysol.org\/en\/thank-you-for-sending-us-your-cv\/\" \/>\n<meta property=\"og:locale\" content=\"en_US\" \/>\n<meta property=\"og:type\" content=\"article\" \/>\n<meta property=\"og:title\" content=\"Thank you for sending us your CV - Fundaci\u00f3n Soysol\" \/>\n<meta property=\"og:description\" content=\"THANK YOU FOR SENDING US YOUR CV. We do not have any vacancies at present, but we will keep your CV in our database, and should the possibility arise of a position that suits your profile we will call you. In any case, many people begin their cooperation as volunteers. If you would like to ... Read more\" \/>\n<meta property=\"og:url\" content=\"https:\/\/www.fundacionsoysol.org\/en\/thank-you-for-sending-us-your-cv\/\" \/>\n<meta property=\"og:site_name\" content=\"Fundaci\u00f3n Soysol\" \/>\n<meta property=\"article:modified_time\" content=\"2021-06-30T08:58:33+00:00\" \/>\n<meta name=\"twitter:card\" content=\"summary_large_image\" \/>\n<script type=\"application\/ld+json\" class=\"yoast-schema-graph\">{\"@context\":\"https:\/\/schema.org\",\"@graph\":[{\"@type\":\"WebPage\",\"@id\":\"https:\/\/www.fundacionsoysol.org\/en\/thank-you-for-sending-us-your-cv\/\",\"url\":\"https:\/\/www.fundacionsoysol.org\/en\/thank-you-for-sending-us-your-cv\/\",\"name\":\"Thank you for sending us your CV - Fundaci\u00f3n Soysol\",\"isPartOf\":{\"@id\":\"https:\/\/www.fundacionsoysol.org\/#website\"},\"datePublished\":\"2021-06-30T08:58:32+00:00\",\"dateModified\":\"2021-06-30T08:58:33+00:00\",\"breadcrumb\":{\"@id\":\"https:\/\/www.fundacionsoysol.org\/en\/thank-you-for-sending-us-your-cv\/#breadcrumb\"},\"inLanguage\":\"en-US\",\"potentialAction\":[{\"@type\":\"ReadAction\",\"target\":[\"https:\/\/www.fundacionsoysol.org\/en\/thank-you-for-sending-us-your-cv\/\"]}]},{\"@type\":\"BreadcrumbList\",\"@id\":\"https:\/\/www.fundacionsoysol.org\/en\/thank-you-for-sending-us-your-cv\/#breadcrumb\",\"itemListElement\":[{\"@type\":\"ListItem\",\"position\":1,\"name\":\"Portada\",\"item\":\"https:\/\/www.fundacionsoysol.org\/en\/we-care-for-you-and-for-the-environment\/\"},{\"@type\":\"ListItem\",\"position\":2,\"name\":\"Thank you for sending us your CV\"}]},{\"@type\":\"WebSite\",\"@id\":\"https:\/\/www.fundacionsoysol.org\/#website\",\"url\":\"https:\/\/www.fundacionsoysol.org\/\",\"name\":\"Fundaci\u00f3n Soysol\",\"description\":\"Cuidamos de t\u00ed y del medio ambiente, entendiendo la salud de un modo hol\u00edstico, que integra todas las dimensiones del ser humano y su interrelaci\u00f3n rec\u00edprocamente influyente con la tierra.\",\"publisher\":{\"@id\":\"https:\/\/www.fundacionsoysol.org\/#organization\"},\"potentialAction\":[{\"@type\":\"SearchAction\",\"target\":{\"@type\":\"EntryPoint\",\"urlTemplate\":\"https:\/\/www.fundacionsoysol.org\/?s={search_term_string}\"},\"query-input\":{\"@type\":\"PropertyValueSpecification\",\"valueRequired\":true,\"valueName\":\"search_term_string\"}}],\"inLanguage\":\"en-US\"},{\"@type\":\"Organization\",\"@id\":\"https:\/\/www.fundacionsoysol.org\/#organization\",\"name\":\"Fundaci\u00f3n Soysol\",\"url\":\"https:\/\/www.fundacionsoysol.org\/\",\"logo\":{\"@type\":\"ImageObject\",\"inLanguage\":\"en-US\",\"@id\":\"https:\/\/www.fundacionsoysol.org\/#\/schema\/logo\/image\/\",\"url\":\"https:\/\/www.fundacionsoysol.org\/wp-content\/uploads\/2021\/02\/logo-soysol.svg\",\"contentUrl\":\"https:\/\/www.fundacionsoysol.org\/wp-content\/uploads\/2021\/02\/logo-soysol.svg\",\"width\":70,\"height\":100,\"caption\":\"Fundaci\u00f3n Soysol\"},\"image\":{\"@id\":\"https:\/\/www.fundacionsoysol.org\/#\/schema\/logo\/image\/\"}}]}<\/script>\n<!-- \/ Yoast SEO plugin. -->","yoast_head_json":{"title":"Thank you for sending us your CV - Fundaci\u00f3n Soysol","robots":{"index":"index","follow":"follow","max-snippet":"max-snippet:-1","max-image-preview":"max-image-preview:large","max-video-preview":"max-video-preview:-1"},"canonical":"https:\/\/www.fundacionsoysol.org\/en\/thank-you-for-sending-us-your-cv\/","og_locale":"en_US","og_type":"article","og_title":"Thank you for sending us your CV - Fundaci\u00f3n Soysol","og_description":"THANK YOU FOR SENDING US YOUR CV. We do not have any vacancies at present, but we will keep your CV in our database, and should the possibility arise of a position that suits your profile we will call you. In any case, many people begin their cooperation as volunteers. If you would like to ... Read more","og_url":"https:\/\/www.fundacionsoysol.org\/en\/thank-you-for-sending-us-your-cv\/","og_site_name":"Fundaci\u00f3n Soysol","article_modified_time":"2021-06-30T08:58:33+00:00","twitter_card":"summary_large_image","schema":{"@context":"https:\/\/schema.org","@graph":[{"@type":"WebPage","@id":"https:\/\/www.fundacionsoysol.org\/en\/thank-you-for-sending-us-your-cv\/","url":"https:\/\/www.fundacionsoysol.org\/en\/thank-you-for-sending-us-your-cv\/","name":"Thank you for sending us your CV - Fundaci\u00f3n Soysol","isPartOf":{"@id":"https:\/\/www.fundacionsoysol.org\/#website"},"datePublished":"2021-06-30T08:58:32+00:00","dateModified":"2021-06-30T08:58:33+00:00","breadcrumb":{"@id":"https:\/\/www.fundacionsoysol.org\/en\/thank-you-for-sending-us-your-cv\/#breadcrumb"},"inLanguage":"en-US","potentialAction":[{"@type":"ReadAction","target":["https:\/\/www.fundacionsoysol.org\/en\/thank-you-for-sending-us-your-cv\/"]}]},{"@type":"BreadcrumbList","@id":"https:\/\/www.fundacionsoysol.org\/en\/thank-you-for-sending-us-your-cv\/#breadcrumb","itemListElement":[{"@type":"ListItem","position":1,"name":"Portada","item":"https:\/\/www.fundacionsoysol.org\/en\/we-care-for-you-and-for-the-environment\/"},{"@type":"ListItem","position":2,"name":"Thank you for sending us your CV"}]},{"@type":"WebSite","@id":"https:\/\/www.fundacionsoysol.org\/#website","url":"https:\/\/www.fundacionsoysol.org\/","name":"Fundaci\u00f3n Soysol","description":"Cuidamos de t\u00ed y del medio ambiente, entendiendo la salud de un modo hol\u00edstico, que integra todas las dimensiones del ser humano y su interrelaci\u00f3n rec\u00edprocamente influyente con la tierra.","publisher":{"@id":"https:\/\/www.fundacionsoysol.org\/#organization"},"potentialAction":[{"@type":"SearchAction","target":{"@type":"EntryPoint","urlTemplate":"https:\/\/www.fundacionsoysol.org\/?s={search_term_string}"},"query-input":{"@type":"PropertyValueSpecification","valueRequired":true,"valueName":"search_term_string"}}],"inLanguage":"en-US"},{"@type":"Organization","@id":"https:\/\/www.fundacionsoysol.org\/#organization","name":"Fundaci\u00f3n Soysol","url":"https:\/\/www.fundacionsoysol.org\/","logo":{"@type":"ImageObject","inLanguage":"en-US","@id":"https:\/\/www.fundacionsoysol.org\/#\/schema\/logo\/image\/","url":"https:\/\/www.fundacionsoysol.org\/wp-content\/uploads\/2021\/02\/logo-soysol.svg","contentUrl":"https:\/\/www.fundacionsoysol.org\/wp-content\/uploads\/2021\/02\/logo-soysol.svg","width":70,"height":100,"caption":"Fundaci\u00f3n Soysol"},"image":{"@id":"https:\/\/www.fundacionsoysol.org\/#\/schema\/logo\/image\/"}}]}},"_links":{"self":[{"href":"https:\/\/www.fundacionsoysol.org\/en\/wp-json\/wp\/v2\/pages\/6234","targetHints":{"allow":["GET"]}}],"collection":[{"href":"https:\/\/www.fundacionsoysol.org\/en\/wp-json\/wp\/v2\/pages"}],"about":[{"href":"https:\/\/www.fundacionsoysol.org\/en\/wp-json\/wp\/v2\/types\/page"}],"author":[{"embeddable":true,"href":"https:\/\/www.fundacionsoysol.org\/en\/wp-json\/wp\/v2\/users\/1"}],"replies":[{"embeddable":true,"href":"https:\/\/www.fundacionsoysol.org\/en\/wp-json\/wp\/v2\/comments?post=6234"}],"version-history":[{"count":0,"href":"https:\/\/www.fundacionsoysol.org\/en\/wp-json\/wp\/v2\/pages\/6234\/revisions"}],"wp:attachment":[{"href":"https:\/\/www.fundacionsoysol.org\/en\/wp-json\/wp\/v2\/media?parent=6234"}],"curies":[{"name":"wp","href":"https:\/\/api.w.org\/{rel}","templated":true}]}}