{"id":6218,"date":"2021-06-30T10:51:14","date_gmt":"2021-06-30T08:51:14","guid":{"rendered":"https:\/\/www.fundacionsoysol.org\/checkout\/"},"modified":"2021-06-30T17:03:12","modified_gmt":"2021-06-30T15:03:12","slug":"checkout","status":"publish","type":"page","link":"https:\/\/www.fundacionsoysol.org\/en\/checkout\/","title":{"rendered":"Checkout"},"content":{"rendered":"\t\t<div data-elementor-type=\"wp-page\" data-elementor-id=\"6218\" class=\"elementor elementor-6218 elementor-2435\" data-elementor-post-type=\"page\">\n\t\t\t\t\t\t<section class=\"elementor-section elementor-top-section elementor-element elementor-element-46c12db4 elementor-section-boxed elementor-section-height-default elementor-section-height-default\" data-id=\"46c12db4\" data-element_type=\"section\" data-settings=\"{&quot;jet_parallax_layout_list&quot;:[{&quot;jet_parallax_layout_image&quot;:{&quot;url&quot;:&quot;&quot;,&quot;id&quot;:&quot;&quot;,&quot;size&quot;:&quot;&quot;},&quot;_id&quot;:&quot;13bd9a3&quot;,&quot;jet_parallax_layout_image_tablet&quot;:{&quot;url&quot;:&quot;&quot;,&quot;id&quot;:&quot;&quot;,&quot;size&quot;:&quot;&quot;},&quot;jet_parallax_layout_image_mobile&quot;:{&quot;url&quot;:&quot;&quot;,&quot;id&quot;:&quot;&quot;,&quot;size&quot;:&quot;&quot;},&quot;jet_parallax_layout_speed&quot;:{&quot;unit&quot;:&quot;%&quot;,&quot;size&quot;:50,&quot;sizes&quot;:[]},&quot;jet_parallax_layout_type&quot;:&quot;scroll&quot;,&quot;jet_parallax_layout_direction&quot;:&quot;1&quot;,&quot;jet_parallax_layout_fx_direction&quot;:null,&quot;jet_parallax_layout_z_index&quot;:&quot;&quot;,&quot;jet_parallax_layout_bg_x&quot;:50,&quot;jet_parallax_layout_bg_x_tablet&quot;:&quot;&quot;,&quot;jet_parallax_layout_bg_x_mobile&quot;:&quot;&quot;,&quot;jet_parallax_layout_bg_y&quot;:50,&quot;jet_parallax_layout_bg_y_tablet&quot;:&quot;&quot;,&quot;jet_parallax_layout_bg_y_mobile&quot;:&quot;&quot;,&quot;jet_parallax_layout_bg_size&quot;:&quot;auto&quot;,&quot;jet_parallax_layout_bg_size_tablet&quot;:&quot;&quot;,&quot;jet_parallax_layout_bg_size_mobile&quot;:&quot;&quot;,&quot;jet_parallax_layout_animation_prop&quot;:&quot;transform&quot;,&quot;jet_parallax_layout_on&quot;:[&quot;desktop&quot;,&quot;tablet&quot;]}]}\">\n\t\t\t\t\t\t<div class=\"elementor-container elementor-column-gap-default\">\n\t\t\t\t\t<div class=\"elementor-column elementor-col-100 elementor-top-column elementor-element elementor-element-57550039\" data-id=\"57550039\" data-element_type=\"column\">\n\t\t\t<div class=\"elementor-widget-wrap elementor-element-populated\">\n\t\t\t\t\t\t<div class=\"elementor-element elementor-element-79f8ad88 elementor-widget elementor-widget-text-editor\" data-id=\"79f8ad88\" data-element_type=\"widget\" data-widget_type=\"text-editor.default\">\n\t\t\t\t<div class=\"elementor-widget-container\">\n\t\t\t\t\t\t\t\t\t<div class=\"woocommerce\"><div class=\"woocommerce-notices-wrapper\"><\/div><\/div>\n\t\t\t\t\t\t\t\t<\/div>\n\t\t\t\t<\/div>\n\t\t\t\t\t<\/div>\n\t\t<\/div>\n\t\t\t\t\t<\/div>\n\t\t<\/section>\n\t\t\t\t<\/div>\n\t\t","protected":false},"excerpt":{"rendered":"","protected":false},"author":1,"featured_media":0,"parent":0,"menu_order":0,"comment_status":"closed","ping_status":"closed","template":"","meta":{"_acf_changed":false,"footnotes":""},"class_list":["post-6218","page","type-page","status-publish"],"acf":[],"yoast_head":"<!-- This site is optimized with the Yoast SEO plugin v26.9 - https:\/\/yoast.com\/product\/yoast-seo-wordpress\/ -->\n<title>Checkout - Fundaci\u00f3n Soysol<\/title>\n<meta name=\"robots\" content=\"index, follow, max-snippet:-1, max-image-preview:large, max-video-preview:-1\" \/>\n<link rel=\"canonical\" href=\"https:\/\/www.fundacionsoysol.org\/en\/checkout\/\" \/>\n<meta property=\"og:locale\" content=\"en_US\" \/>\n<meta property=\"og:type\" content=\"article\" \/>\n<meta property=\"og:title\" content=\"Checkout - Fundaci\u00f3n Soysol\" \/>\n<meta property=\"og:url\" content=\"https:\/\/www.fundacionsoysol.org\/en\/checkout\/\" \/>\n<meta property=\"og:site_name\" content=\"Fundaci\u00f3n Soysol\" \/>\n<meta property=\"article:modified_time\" content=\"2021-06-30T15:03:12+00:00\" \/>\n<meta name=\"twitter:card\" content=\"summary_large_image\" \/>\n<script type=\"application\/ld+json\" class=\"yoast-schema-graph\">{\"@context\":\"https:\/\/schema.org\",\"@graph\":[{\"@type\":\"WebPage\",\"@id\":\"https:\/\/www.fundacionsoysol.org\/en\/checkout\/\",\"url\":\"https:\/\/www.fundacionsoysol.org\/en\/checkout\/\",\"name\":\"Checkout - Fundaci\u00f3n Soysol\",\"isPartOf\":{\"@id\":\"https:\/\/www.fundacionsoysol.org\/#website\"},\"datePublished\":\"2021-06-30T08:51:14+00:00\",\"dateModified\":\"2021-06-30T15:03:12+00:00\",\"breadcrumb\":{\"@id\":\"https:\/\/www.fundacionsoysol.org\/en\/checkout\/#breadcrumb\"},\"inLanguage\":\"en-US\",\"potentialAction\":[{\"@type\":\"ReadAction\",\"target\":[\"https:\/\/www.fundacionsoysol.org\/en\/checkout\/\"]}]},{\"@type\":\"BreadcrumbList\",\"@id\":\"https:\/\/www.fundacionsoysol.org\/en\/checkout\/#breadcrumb\",\"itemListElement\":[{\"@type\":\"ListItem\",\"position\":1,\"name\":\"Portada\",\"item\":\"https:\/\/www.fundacionsoysol.org\/en\/we-care-for-you-and-for-the-environment\/\"},{\"@type\":\"ListItem\",\"position\":2,\"name\":\"Checkout\"}]},{\"@type\":\"WebSite\",\"@id\":\"https:\/\/www.fundacionsoysol.org\/#website\",\"url\":\"https:\/\/www.fundacionsoysol.org\/\",\"name\":\"Fundaci\u00f3n Soysol\",\"description\":\"Cuidamos de t\u00ed y del medio ambiente, entendiendo la salud de un modo hol\u00edstico, que integra todas las dimensiones del ser humano y su interrelaci\u00f3n rec\u00edprocamente influyente con la tierra.\",\"publisher\":{\"@id\":\"https:\/\/www.fundacionsoysol.org\/#organization\"},\"potentialAction\":[{\"@type\":\"SearchAction\",\"target\":{\"@type\":\"EntryPoint\",\"urlTemplate\":\"https:\/\/www.fundacionsoysol.org\/?s={search_term_string}\"},\"query-input\":{\"@type\":\"PropertyValueSpecification\",\"valueRequired\":true,\"valueName\":\"search_term_string\"}}],\"inLanguage\":\"en-US\"},{\"@type\":\"Organization\",\"@id\":\"https:\/\/www.fundacionsoysol.org\/#organization\",\"name\":\"Fundaci\u00f3n Soysol\",\"url\":\"https:\/\/www.fundacionsoysol.org\/\",\"logo\":{\"@type\":\"ImageObject\",\"inLanguage\":\"en-US\",\"@id\":\"https:\/\/www.fundacionsoysol.org\/#\/schema\/logo\/image\/\",\"url\":\"https:\/\/www.fundacionsoysol.org\/wp-content\/uploads\/2021\/02\/logo-soysol.svg\",\"contentUrl\":\"https:\/\/www.fundacionsoysol.org\/wp-content\/uploads\/2021\/02\/logo-soysol.svg\",\"width\":70,\"height\":100,\"caption\":\"Fundaci\u00f3n Soysol\"},\"image\":{\"@id\":\"https:\/\/www.fundacionsoysol.org\/#\/schema\/logo\/image\/\"}}]}<\/script>\n<!-- \/ Yoast SEO plugin. -->","yoast_head_json":{"title":"Checkout - Fundaci\u00f3n Soysol","robots":{"index":"index","follow":"follow","max-snippet":"max-snippet:-1","max-image-preview":"max-image-preview:large","max-video-preview":"max-video-preview:-1"},"canonical":"https:\/\/www.fundacionsoysol.org\/en\/checkout\/","og_locale":"en_US","og_type":"article","og_title":"Checkout - Fundaci\u00f3n Soysol","og_url":"https:\/\/www.fundacionsoysol.org\/en\/checkout\/","og_site_name":"Fundaci\u00f3n Soysol","article_modified_time":"2021-06-30T15:03:12+00:00","twitter_card":"summary_large_image","schema":{"@context":"https:\/\/schema.org","@graph":[{"@type":"WebPage","@id":"https:\/\/www.fundacionsoysol.org\/en\/checkout\/","url":"https:\/\/www.fundacionsoysol.org\/en\/checkout\/","name":"Checkout - Fundaci\u00f3n Soysol","isPartOf":{"@id":"https:\/\/www.fundacionsoysol.org\/#website"},"datePublished":"2021-06-30T08:51:14+00:00","dateModified":"2021-06-30T15:03:12+00:00","breadcrumb":{"@id":"https:\/\/www.fundacionsoysol.org\/en\/checkout\/#breadcrumb"},"inLanguage":"en-US","potentialAction":[{"@type":"ReadAction","target":["https:\/\/www.fundacionsoysol.org\/en\/checkout\/"]}]},{"@type":"BreadcrumbList","@id":"https:\/\/www.fundacionsoysol.org\/en\/checkout\/#breadcrumb","itemListElement":[{"@type":"ListItem","position":1,"name":"Portada","item":"https:\/\/www.fundacionsoysol.org\/en\/we-care-for-you-and-for-the-environment\/"},{"@type":"ListItem","position":2,"name":"Checkout"}]},{"@type":"WebSite","@id":"https:\/\/www.fundacionsoysol.org\/#website","url":"https:\/\/www.fundacionsoysol.org\/","name":"Fundaci\u00f3n Soysol","description":"Cuidamos de t\u00ed y del medio ambiente, entendiendo la salud de un modo hol\u00edstico, que integra todas las dimensiones del ser humano y su interrelaci\u00f3n rec\u00edprocamente influyente con la tierra.","publisher":{"@id":"https:\/\/www.fundacionsoysol.org\/#organization"},"potentialAction":[{"@type":"SearchAction","target":{"@type":"EntryPoint","urlTemplate":"https:\/\/www.fundacionsoysol.org\/?s={search_term_string}"},"query-input":{"@type":"PropertyValueSpecification","valueRequired":true,"valueName":"search_term_string"}}],"inLanguage":"en-US"},{"@type":"Organization","@id":"https:\/\/www.fundacionsoysol.org\/#organization","name":"Fundaci\u00f3n Soysol","url":"https:\/\/www.fundacionsoysol.org\/","logo":{"@type":"ImageObject","inLanguage":"en-US","@id":"https:\/\/www.fundacionsoysol.org\/#\/schema\/logo\/image\/","url":"https:\/\/www.fundacionsoysol.org\/wp-content\/uploads\/2021\/02\/logo-soysol.svg","contentUrl":"https:\/\/www.fundacionsoysol.org\/wp-content\/uploads\/2021\/02\/logo-soysol.svg","width":70,"height":100,"caption":"Fundaci\u00f3n Soysol"},"image":{"@id":"https:\/\/www.fundacionsoysol.org\/#\/schema\/logo\/image\/"}}]}},"_links":{"self":[{"href":"https:\/\/www.fundacionsoysol.org\/en\/wp-json\/wp\/v2\/pages\/6218","targetHints":{"allow":["GET"]}}],"collection":[{"href":"https:\/\/www.fundacionsoysol.org\/en\/wp-json\/wp\/v2\/pages"}],"about":[{"href":"https:\/\/www.fundacionsoysol.org\/en\/wp-json\/wp\/v2\/types\/page"}],"author":[{"embeddable":true,"href":"https:\/\/www.fundacionsoysol.org\/en\/wp-json\/wp\/v2\/users\/1"}],"replies":[{"embeddable":true,"href":"https:\/\/www.fundacionsoysol.org\/en\/wp-json\/wp\/v2\/comments?post=6218"}],"version-history":[{"count":0,"href":"https:\/\/www.fundacionsoysol.org\/en\/wp-json\/wp\/v2\/pages\/6218\/revisions"}],"wp:attachment":[{"href":"https:\/\/www.fundacionsoysol.org\/en\/wp-json\/wp\/v2\/media?parent=6218"}],"curies":[{"name":"wp","href":"https:\/\/api.w.org\/{rel}","templated":true}]}}