{"id":5827,"date":"2021-06-25T09:57:07","date_gmt":"2021-06-25T07:57:07","guid":{"rendered":"https:\/\/www.fundacionsoysol.org\/shop\/"},"modified":"2021-06-25T10:01:32","modified_gmt":"2021-06-25T08:01:32","slug":"sustainable-shop","status":"publish","type":"page","link":"https:\/\/www.fundacionsoysol.org\/en\/sustainable-shop\/","title":{"rendered":"Sustainable shop"},"content":{"rendered":"\t\t<div data-elementor-type=\"wp-page\" data-elementor-id=\"5827\" class=\"elementor elementor-5827 elementor-2433\" data-elementor-post-type=\"page\">\n\t\t\t\t\t\t<section class=\"elementor-section elementor-top-section elementor-element elementor-element-5603d40 elementor-section-stretched elementor-section-height-min-height elementor-section-items-top elementor-section-boxed elementor-section-height-default\" data-id=\"5603d40\" data-element_type=\"section\" data-settings=\"{&quot;jet_parallax_layout_list&quot;:[{&quot;jet_parallax_layout_image&quot;:{&quot;url&quot;:&quot;&quot;,&quot;id&quot;:&quot;&quot;,&quot;size&quot;:&quot;&quot;},&quot;_id&quot;:&quot;175d323&quot;,&quot;jet_parallax_layout_image_tablet&quot;:{&quot;url&quot;:&quot;&quot;,&quot;id&quot;:&quot;&quot;,&quot;size&quot;:&quot;&quot;},&quot;jet_parallax_layout_image_mobile&quot;:{&quot;url&quot;:&quot;&quot;,&quot;id&quot;:&quot;&quot;,&quot;size&quot;:&quot;&quot;},&quot;jet_parallax_layout_speed&quot;:{&quot;unit&quot;:&quot;%&quot;,&quot;size&quot;:50,&quot;sizes&quot;:[]},&quot;jet_parallax_layout_type&quot;:&quot;scroll&quot;,&quot;jet_parallax_layout_direction&quot;:&quot;1&quot;,&quot;jet_parallax_layout_fx_direction&quot;:null,&quot;jet_parallax_layout_z_index&quot;:&quot;&quot;,&quot;jet_parallax_layout_bg_x&quot;:50,&quot;jet_parallax_layout_bg_x_tablet&quot;:&quot;&quot;,&quot;jet_parallax_layout_bg_x_mobile&quot;:&quot;&quot;,&quot;jet_parallax_layout_bg_y&quot;:50,&quot;jet_parallax_layout_bg_y_tablet&quot;:&quot;&quot;,&quot;jet_parallax_layout_bg_y_mobile&quot;:&quot;&quot;,&quot;jet_parallax_layout_bg_size&quot;:&quot;auto&quot;,&quot;jet_parallax_layout_bg_size_tablet&quot;:&quot;&quot;,&quot;jet_parallax_layout_bg_size_mobile&quot;:&quot;&quot;,&quot;jet_parallax_layout_animation_prop&quot;:&quot;transform&quot;,&quot;jet_parallax_layout_on&quot;:[&quot;desktop&quot;,&quot;tablet&quot;]}],&quot;background_background&quot;:&quot;classic&quot;,&quot;stretch_section&quot;:&quot;section-stretched&quot;}\">\n\t\t\t\t\t\t<div class=\"elementor-container elementor-column-gap-default\">\n\t\t\t\t\t<div class=\"elementor-column elementor-col-100 elementor-top-column elementor-element elementor-element-bab3e2b\" data-id=\"bab3e2b\" data-element_type=\"column\">\n\t\t\t<div class=\"elementor-widget-wrap elementor-element-populated\">\n\t\t\t\t\t\t<div class=\"elementor-element elementor-element-0759edd elementor-widget elementor-widget-heading\" data-id=\"0759edd\" data-element_type=\"widget\" data-widget_type=\"heading.default\">\n\t\t\t\t<div class=\"elementor-widget-container\">\n\t\t\t\t\t<h1 class=\"elementor-heading-title elementor-size-default\">Sustainable shop<\/h1>\t\t\t\t<\/div>\n\t\t\t\t<\/div>\n\t\t\t\t<section class=\"elementor-section elementor-inner-section elementor-element elementor-element-c3ec1af elementor-section-boxed elementor-section-height-default elementor-section-height-default\" data-id=\"c3ec1af\" data-element_type=\"section\" data-settings=\"{&quot;jet_parallax_layout_list&quot;:[{&quot;jet_parallax_layout_image&quot;:{&quot;url&quot;:&quot;&quot;,&quot;id&quot;:&quot;&quot;,&quot;size&quot;:&quot;&quot;},&quot;_id&quot;:&quot;ee53f91&quot;,&quot;jet_parallax_layout_image_tablet&quot;:{&quot;url&quot;:&quot;&quot;,&quot;id&quot;:&quot;&quot;,&quot;size&quot;:&quot;&quot;},&quot;jet_parallax_layout_image_mobile&quot;:{&quot;url&quot;:&quot;&quot;,&quot;id&quot;:&quot;&quot;,&quot;size&quot;:&quot;&quot;},&quot;jet_parallax_layout_speed&quot;:{&quot;unit&quot;:&quot;%&quot;,&quot;size&quot;:50,&quot;sizes&quot;:[]},&quot;jet_parallax_layout_type&quot;:&quot;scroll&quot;,&quot;jet_parallax_layout_direction&quot;:&quot;1&quot;,&quot;jet_parallax_layout_fx_direction&quot;:null,&quot;jet_parallax_layout_z_index&quot;:&quot;&quot;,&quot;jet_parallax_layout_bg_x&quot;:50,&quot;jet_parallax_layout_bg_x_tablet&quot;:&quot;&quot;,&quot;jet_parallax_layout_bg_x_mobile&quot;:&quot;&quot;,&quot;jet_parallax_layout_bg_y&quot;:50,&quot;jet_parallax_layout_bg_y_tablet&quot;:&quot;&quot;,&quot;jet_parallax_layout_bg_y_mobile&quot;:&quot;&quot;,&quot;jet_parallax_layout_bg_size&quot;:&quot;auto&quot;,&quot;jet_parallax_layout_bg_size_tablet&quot;:&quot;&quot;,&quot;jet_parallax_layout_bg_size_mobile&quot;:&quot;&quot;,&quot;jet_parallax_layout_animation_prop&quot;:&quot;transform&quot;,&quot;jet_parallax_layout_on&quot;:[&quot;desktop&quot;,&quot;tablet&quot;]}]}\">\n\t\t\t\t\t\t<div class=\"elementor-container elementor-column-gap-default\">\n\t\t\t\t\t<div class=\"elementor-column elementor-col-100 elementor-inner-column elementor-element elementor-element-cfd5a01\" data-id=\"cfd5a01\" data-element_type=\"column\">\n\t\t\t<div class=\"elementor-widget-wrap elementor-element-populated\">\n\t\t\t\t\t\t<div class=\"elementor-element elementor-element-c8c8478 elementor-widget elementor-widget-heading\" data-id=\"c8c8478\" data-element_type=\"widget\" data-widget_type=\"heading.default\">\n\t\t\t\t<div class=\"elementor-widget-container\">\n\t\t\t\t\t<h2 class=\"elementor-heading-title elementor-size-default\">Coming soon \u2013 your shop for environmentally friendly products<\/h2>\t\t\t\t<\/div>\n\t\t\t\t<\/div>\n\t\t\t\t<div class=\"elementor-element elementor-element-f975a25 elementor-widget elementor-widget-text-editor\" data-id=\"f975a25\" data-element_type=\"widget\" data-widget_type=\"text-editor.default\">\n\t\t\t\t<div class=\"elementor-widget-container\">\n\t\t\t\t\t\t\t\t\t<p><strong><span style=\"color: #513e7d;\">If you want to participate by proposing products send an email <br \/><\/span><\/strong>E-mail <a href=\"mailto:info@fundacionsoysol.org\">info@fundacionsoysol.org<\/a><\/p>\n\t\t\t\t\t\t\t\t<\/div>\n\t\t\t\t<\/div>\n\t\t\t\t<div class=\"elementor-element elementor-element-1f94aa3 elementor-widget elementor-widget-text-editor\" data-id=\"1f94aa3\" data-element_type=\"widget\" data-widget_type=\"text-editor.default\">\n\t\t\t\t<div class=\"elementor-widget-container\">\n\t\t\t\t\t\t\t\t\t<p>We know it is not easy to buy products of this type because you do not fully believe in them , but I can assure you that they help us all, people and the planet. Thanks to this we can contribute to healing the earth little by little from the damage we have done to it and to improving our health by investing in it more coherently. <\/p>\n\t\t\t\t\t\t\t\t<\/div>\n\t\t\t\t<\/div>\n\t\t\t\t<div class=\"elementor-element elementor-element-4c08738 elementor-widget elementor-widget-text-editor\" data-id=\"4c08738\" data-element_type=\"widget\" data-widget_type=\"text-editor.default\">\n\t\t\t\t<div class=\"elementor-widget-container\">\n\t\t\t\t\t\t\t\t\t<p>THANK YOU. If you would like us to notify you when our online shop opens, just leave us your email address in the following newsletter link. Remember that your contribution will always be very valuable for us and that we can grow, thanks to you. <\/p>\n\t\t\t\t\t\t\t\t<\/div>\n\t\t\t\t<\/div>\n\t\t\t\t\t<\/div>\n\t\t<\/div>\n\t\t\t\t\t<\/div>\n\t\t<\/section>\n\t\t\t\t\t<\/div>\n\t\t<\/div>\n\t\t\t\t\t<\/div>\n\t\t<\/section>\n\t\t\t\t<\/div>\n\t\t","protected":false},"excerpt":{"rendered":"<p>Sustainable shop Coming soon \u2013 your shop for environmentally friendly products If you want to participate by proposing products send an email E-mail info@fundacionsoysol.org We know it is not easy to buy products of this type because you do not fully believe in them , but I can assure you that they help us all, &#8230; <a title=\"Sustainable shop\" class=\"read-more\" href=\"https:\/\/www.fundacionsoysol.org\/en\/sustainable-shop\/\" aria-label=\"Read more about Sustainable shop\">Read more<\/a><\/p>\n","protected":false},"author":1,"featured_media":0,"parent":0,"menu_order":0,"comment_status":"closed","ping_status":"closed","template":"","meta":{"_acf_changed":false,"footnotes":""},"class_list":["post-5827","page","type-page","status-publish"],"acf":[],"yoast_head":"<!-- This site is optimized with the Yoast SEO plugin v26.9 - https:\/\/yoast.com\/product\/yoast-seo-wordpress\/ -->\n<title>Sustainable shop - Fundaci\u00f3n Soysol<\/title>\n<meta name=\"robots\" content=\"index, follow, max-snippet:-1, max-image-preview:large, max-video-preview:-1\" \/>\n<link rel=\"canonical\" href=\"https:\/\/www.fundacionsoysol.org\/en\/sustainable-shop\/\" \/>\n<meta property=\"og:locale\" content=\"en_US\" \/>\n<meta property=\"og:type\" content=\"article\" \/>\n<meta property=\"og:title\" content=\"Sustainable shop - Fundaci\u00f3n Soysol\" \/>\n<meta property=\"og:description\" content=\"Sustainable shop Coming soon \u2013 your shop for environmentally friendly products If you want to participate by proposing products send an email E-mail info@fundacionsoysol.org We know it is not easy to buy products of this type because you do not fully believe in them , but I can assure you that they help us all, ... Read more\" \/>\n<meta property=\"og:url\" content=\"https:\/\/www.fundacionsoysol.org\/en\/sustainable-shop\/\" \/>\n<meta property=\"og:site_name\" content=\"Fundaci\u00f3n Soysol\" \/>\n<meta property=\"article:modified_time\" content=\"2021-06-25T08:01:32+00:00\" \/>\n<meta name=\"twitter:card\" content=\"summary_large_image\" \/>\n<meta name=\"twitter:label1\" content=\"Est. reading time\" \/>\n\t<meta name=\"twitter:data1\" content=\"1 minute\" \/>\n<script type=\"application\/ld+json\" class=\"yoast-schema-graph\">{\"@context\":\"https:\/\/schema.org\",\"@graph\":[{\"@type\":\"WebPage\",\"@id\":\"https:\/\/www.fundacionsoysol.org\/en\/sustainable-shop\/\",\"url\":\"https:\/\/www.fundacionsoysol.org\/en\/sustainable-shop\/\",\"name\":\"Sustainable shop - Fundaci\u00f3n Soysol\",\"isPartOf\":{\"@id\":\"https:\/\/www.fundacionsoysol.org\/#website\"},\"datePublished\":\"2021-06-25T07:57:07+00:00\",\"dateModified\":\"2021-06-25T08:01:32+00:00\",\"breadcrumb\":{\"@id\":\"https:\/\/www.fundacionsoysol.org\/en\/sustainable-shop\/#breadcrumb\"},\"inLanguage\":\"en-US\",\"potentialAction\":[{\"@type\":\"ReadAction\",\"target\":[\"https:\/\/www.fundacionsoysol.org\/en\/sustainable-shop\/\"]}]},{\"@type\":\"BreadcrumbList\",\"@id\":\"https:\/\/www.fundacionsoysol.org\/en\/sustainable-shop\/#breadcrumb\",\"itemListElement\":[{\"@type\":\"ListItem\",\"position\":1,\"name\":\"Portada\",\"item\":\"https:\/\/www.fundacionsoysol.org\/en\/we-care-for-you-and-for-the-environment\/\"},{\"@type\":\"ListItem\",\"position\":2,\"name\":\"Sustainable shop\"}]},{\"@type\":\"WebSite\",\"@id\":\"https:\/\/www.fundacionsoysol.org\/#website\",\"url\":\"https:\/\/www.fundacionsoysol.org\/\",\"name\":\"Fundaci\u00f3n Soysol\",\"description\":\"Cuidamos de t\u00ed y del medio ambiente, entendiendo la salud de un modo hol\u00edstico, que integra todas las dimensiones del ser humano y su interrelaci\u00f3n rec\u00edprocamente influyente con la tierra.\",\"publisher\":{\"@id\":\"https:\/\/www.fundacionsoysol.org\/#organization\"},\"potentialAction\":[{\"@type\":\"SearchAction\",\"target\":{\"@type\":\"EntryPoint\",\"urlTemplate\":\"https:\/\/www.fundacionsoysol.org\/?s={search_term_string}\"},\"query-input\":{\"@type\":\"PropertyValueSpecification\",\"valueRequired\":true,\"valueName\":\"search_term_string\"}}],\"inLanguage\":\"en-US\"},{\"@type\":\"Organization\",\"@id\":\"https:\/\/www.fundacionsoysol.org\/#organization\",\"name\":\"Fundaci\u00f3n Soysol\",\"url\":\"https:\/\/www.fundacionsoysol.org\/\",\"logo\":{\"@type\":\"ImageObject\",\"inLanguage\":\"en-US\",\"@id\":\"https:\/\/www.fundacionsoysol.org\/#\/schema\/logo\/image\/\",\"url\":\"https:\/\/www.fundacionsoysol.org\/wp-content\/uploads\/2021\/02\/logo-soysol.svg\",\"contentUrl\":\"https:\/\/www.fundacionsoysol.org\/wp-content\/uploads\/2021\/02\/logo-soysol.svg\",\"width\":70,\"height\":100,\"caption\":\"Fundaci\u00f3n Soysol\"},\"image\":{\"@id\":\"https:\/\/www.fundacionsoysol.org\/#\/schema\/logo\/image\/\"}}]}<\/script>\n<!-- \/ Yoast SEO plugin. -->","yoast_head_json":{"title":"Sustainable shop - Fundaci\u00f3n Soysol","robots":{"index":"index","follow":"follow","max-snippet":"max-snippet:-1","max-image-preview":"max-image-preview:large","max-video-preview":"max-video-preview:-1"},"canonical":"https:\/\/www.fundacionsoysol.org\/en\/sustainable-shop\/","og_locale":"en_US","og_type":"article","og_title":"Sustainable shop - Fundaci\u00f3n Soysol","og_description":"Sustainable shop Coming soon \u2013 your shop for environmentally friendly products If you want to participate by proposing products send an email E-mail info@fundacionsoysol.org We know it is not easy to buy products of this type because you do not fully believe in them , but I can assure you that they help us all, ... Read more","og_url":"https:\/\/www.fundacionsoysol.org\/en\/sustainable-shop\/","og_site_name":"Fundaci\u00f3n Soysol","article_modified_time":"2021-06-25T08:01:32+00:00","twitter_card":"summary_large_image","twitter_misc":{"Est. reading time":"1 minute"},"schema":{"@context":"https:\/\/schema.org","@graph":[{"@type":"WebPage","@id":"https:\/\/www.fundacionsoysol.org\/en\/sustainable-shop\/","url":"https:\/\/www.fundacionsoysol.org\/en\/sustainable-shop\/","name":"Sustainable shop - Fundaci\u00f3n Soysol","isPartOf":{"@id":"https:\/\/www.fundacionsoysol.org\/#website"},"datePublished":"2021-06-25T07:57:07+00:00","dateModified":"2021-06-25T08:01:32+00:00","breadcrumb":{"@id":"https:\/\/www.fundacionsoysol.org\/en\/sustainable-shop\/#breadcrumb"},"inLanguage":"en-US","potentialAction":[{"@type":"ReadAction","target":["https:\/\/www.fundacionsoysol.org\/en\/sustainable-shop\/"]}]},{"@type":"BreadcrumbList","@id":"https:\/\/www.fundacionsoysol.org\/en\/sustainable-shop\/#breadcrumb","itemListElement":[{"@type":"ListItem","position":1,"name":"Portada","item":"https:\/\/www.fundacionsoysol.org\/en\/we-care-for-you-and-for-the-environment\/"},{"@type":"ListItem","position":2,"name":"Sustainable shop"}]},{"@type":"WebSite","@id":"https:\/\/www.fundacionsoysol.org\/#website","url":"https:\/\/www.fundacionsoysol.org\/","name":"Fundaci\u00f3n Soysol","description":"Cuidamos de t\u00ed y del medio ambiente, entendiendo la salud de un modo hol\u00edstico, que integra todas las dimensiones del ser humano y su interrelaci\u00f3n rec\u00edprocamente influyente con la tierra.","publisher":{"@id":"https:\/\/www.fundacionsoysol.org\/#organization"},"potentialAction":[{"@type":"SearchAction","target":{"@type":"EntryPoint","urlTemplate":"https:\/\/www.fundacionsoysol.org\/?s={search_term_string}"},"query-input":{"@type":"PropertyValueSpecification","valueRequired":true,"valueName":"search_term_string"}}],"inLanguage":"en-US"},{"@type":"Organization","@id":"https:\/\/www.fundacionsoysol.org\/#organization","name":"Fundaci\u00f3n Soysol","url":"https:\/\/www.fundacionsoysol.org\/","logo":{"@type":"ImageObject","inLanguage":"en-US","@id":"https:\/\/www.fundacionsoysol.org\/#\/schema\/logo\/image\/","url":"https:\/\/www.fundacionsoysol.org\/wp-content\/uploads\/2021\/02\/logo-soysol.svg","contentUrl":"https:\/\/www.fundacionsoysol.org\/wp-content\/uploads\/2021\/02\/logo-soysol.svg","width":70,"height":100,"caption":"Fundaci\u00f3n Soysol"},"image":{"@id":"https:\/\/www.fundacionsoysol.org\/#\/schema\/logo\/image\/"}}]}},"_links":{"self":[{"href":"https:\/\/www.fundacionsoysol.org\/en\/wp-json\/wp\/v2\/pages\/5827","targetHints":{"allow":["GET"]}}],"collection":[{"href":"https:\/\/www.fundacionsoysol.org\/en\/wp-json\/wp\/v2\/pages"}],"about":[{"href":"https:\/\/www.fundacionsoysol.org\/en\/wp-json\/wp\/v2\/types\/page"}],"author":[{"embeddable":true,"href":"https:\/\/www.fundacionsoysol.org\/en\/wp-json\/wp\/v2\/users\/1"}],"replies":[{"embeddable":true,"href":"https:\/\/www.fundacionsoysol.org\/en\/wp-json\/wp\/v2\/comments?post=5827"}],"version-history":[{"count":0,"href":"https:\/\/www.fundacionsoysol.org\/en\/wp-json\/wp\/v2\/pages\/5827\/revisions"}],"wp:attachment":[{"href":"https:\/\/www.fundacionsoysol.org\/en\/wp-json\/wp\/v2\/media?parent=5827"}],"curies":[{"name":"wp","href":"https:\/\/api.w.org\/{rel}","templated":true}]}}